{"id":53,"date":"2015-12-06T13:13:50","date_gmt":"2015-12-06T13:13:50","guid":{"rendered":"http:\/\/fearpa.com\/freestyle\/?page_id=53"},"modified":"2015-12-16T11:01:51","modified_gmt":"2015-12-16T11:01:51","slug":"contacto-freestyle","status":"publish","type":"page","link":"http:\/\/fearpa.com\/freestyle\/contacto-freestyle\/","title":{"rendered":"Contacto"},"content":{"rendered":"<h3><strong>Si quieres contactar para cualquier duda acerca del patinaje freestyle, c\u00f3mo participar, c\u00f3mo empezar en el deporte y aprender escr\u00edbenos a:<\/strong><\/h3>\n<h3>freestyle.fearpa@gmail.com<\/h3>\n","protected":false},"excerpt":{"rendered":"<p>Si quieres contactar para cualquier duda acerca del patinaje freestyle, c\u00f3mo participar, c\u00f3mo empezar en el deporte y aprender escr\u00edbenos a: freestyle.fearpa@gmail.com<\/p>\n","protected":false},"author":1,"featured_media":0,"parent":0,"menu_order":0,"comment_status":"closed","ping_status":"closed","template":"","meta":[],"_links":{"self":[{"href":"http:\/\/fearpa.com\/freestyle\/wp-json\/wp\/v2\/pages\/53"}],"collection":[{"href":"http:\/\/fearpa.com\/freestyle\/wp-json\/wp\/v2\/pages"}],"about":[{"href":"http:\/\/fearpa.com\/freestyle\/wp-json\/wp\/v2\/types\/page"}],"author":[{"embeddable":true,"href":"http:\/\/fearpa.com\/freestyle\/wp-json\/wp\/v2\/users\/1"}],"replies":[{"embeddable":true,"href":"http:\/\/fearpa.com\/freestyle\/wp-json\/wp\/v2\/comments?post=53"}],"version-history":[{"count":7,"href":"http:\/\/fearpa.com\/freestyle\/wp-json\/wp\/v2\/pages\/53\/revisions"}],"predecessor-version":[{"id":68,"href":"http:\/\/fearpa.com\/freestyle\/wp-json\/wp\/v2\/pages\/53\/revisions\/68"}],"wp:attachment":[{"href":"http:\/\/fearpa.com\/freestyle\/wp-json\/wp\/v2\/media?parent=53"}],"curies":[{"name":"wp","href":"https:\/\/api.w.org\/{rel}","templated":true}]}}